{"id":2463,"date":"2023-09-25T17:30:11","date_gmt":"2023-09-25T15:30:11","guid":{"rendered":"https:\/\/marianamachuca.com\/?page_id=2463"},"modified":"2024-06-14T12:58:18","modified_gmt":"2024-06-14T10:58:18","slug":"parejas","status":"publish","type":"page","link":"https:\/\/marianamachuca.com\/it\/psicoterapia\/parejas\/","title":{"rendered":"Terapia de parejas en Barcelona y online"},"content":{"rendered":"<div data-elementor-type=\"wp-page\" data-elementor-id=\"2463\" class=\"elementor elementor-2463\">\n\t\t\t\t\t\t<section class=\"elementor-section elementor-top-section elementor-element elementor-element-783d540c elementor-section-content-middle elementor-section-height-min-height elementor-section-boxed elementor-section-height-default elementor-section-items-middle\" data-id=\"783d540c\" data-element_type=\"section\" data-e-type=\"section\" data-settings=\"{&quot;background_background&quot;:&quot;classic&quot;}\">\n\t\t\t\t\t\t\t<div class=\"elementor-background-overlay\"><\/div>\n\t\t\t\t\t\t\t<div class=\"elementor-container elementor-column-gap-default\">\n\t\t\t\t\t<div class=\"elementor-column elementor-col-50 elementor-top-column elementor-element elementor-element-64a40623\" data-id=\"64a40623\" data-element_type=\"column\" data-e-type=\"column\">\n\t\t\t<div class=\"elementor-widget-wrap elementor-element-populated\">\n\t\t\t\t\t\t<div class=\"elementor-element elementor-element-5e31e41e elementor-widget elementor-widget-heading\" data-id=\"5e31e41e\" data-element_type=\"widget\" data-e-type=\"widget\" data-widget_type=\"heading.default\">\n\t\t\t\t<div class=\"elementor-widget-container\">\n\t\t\t\t\t<h1 class=\"elementor-heading-title elementor-size-default\">Psicoterapia di coppia<\/h1>\t\t\t\t<\/div>\n\t\t\t\t<\/div>\n\t\t\t\t<div class=\"elementor-element elementor-element-92f1a82 elementor-widget elementor-widget-heading\" data-id=\"92f1a82\" data-element_type=\"widget\" data-e-type=\"widget\" data-widget_type=\"heading.default\">\n\t\t\t\t<div class=\"elementor-widget-container\">\n\t\t\t\t\t<h2 class=\"elementor-heading-title elementor-size-medium\">Terapia de pareja presencial en Barcelona y online<\/h2>\t\t\t\t<\/div>\n\t\t\t\t<\/div>\n\t\t\t\t\t<\/div>\n\t\t<\/div>\n\t\t\t\t<div class=\"elementor-column elementor-col-50 elementor-top-column elementor-element elementor-element-185a38de\" data-id=\"185a38de\" data-element_type=\"column\" data-e-type=\"column\">\n\t\t\t<div class=\"elementor-widget-wrap\">\n\t\t\t\t\t\t\t<\/div>\n\t\t<\/div>\n\t\t\t\t\t<\/div>\n\t\t<\/section>\n\t\t\t\t<section class=\"elementor-section elementor-top-section elementor-element elementor-element-427d2f44 elementor-section-full_width elementor-section-content-middle elementor-section-height-default elementor-section-height-default\" data-id=\"427d2f44\" data-element_type=\"section\" data-e-type=\"section\">\n\t\t\t\t\t\t<div class=\"elementor-container elementor-column-gap-default\">\n\t\t\t\t\t<div class=\"elementor-column elementor-col-50 elementor-top-column elementor-element elementor-element-4f8cdbf5 elementor-invisible\" data-id=\"4f8cdbf5\" data-element_type=\"column\" data-e-type=\"column\" data-settings=\"{&quot;animation&quot;:&quot;fadeIn&quot;}\">\n\t\t\t<div class=\"elementor-widget-wrap elementor-element-populated\">\n\t\t\t\t\t\t<div class=\"elementor-element elementor-element-650c971c elementor-widget elementor-widget-heading\" data-id=\"650c971c\" data-element_type=\"widget\" data-e-type=\"widget\" data-widget_type=\"heading.default\">\n\t\t\t\t<div class=\"elementor-widget-container\">\n\t\t\t\t\t<h3 class=\"elementor-heading-title elementor-size-default\">L'importanza della terapia di coppia<\/h3>\t\t\t\t<\/div>\n\t\t\t\t<\/div>\n\t\t\t\t<div class=\"elementor-element elementor-element-40a5b4d6 animated-slow elementor-invisible elementor-widget elementor-widget-text-editor\" data-id=\"40a5b4d6\" data-element_type=\"widget\" data-e-type=\"widget\" data-settings=\"{&quot;_animation&quot;:&quot;fadeIn&quot;}\" data-widget_type=\"text-editor.default\">\n\t\t\t\t<div class=\"elementor-widget-container\">\n\t\t\t\t\t\t\t\t\t<p><\/p><p><\/p><p>La vita di coppia pu\u00f2 essere meravigliosa, ma anche una sfida e una grande opportunit\u00e0 di crescita.<\/p><p>A volte le coppie devono affrontare conflitti, disaccordi e problemi di comunicazione che possono incidere profondamente sulla loro relazione.<\/p><p>La terapia di coppia permette di fare chiarezza sulle dinamiche che ci invischiano, di superare gli ostacoli e di rafforzare il legame affettivo; oppure di accompagnare processi di separazione consapevoli e rispettosi, che facilitano l&#8217;elaborazione del lutto, soprattutto se si tratta di coppie con figli. <\/p>\t\t\t\t\t\t\t\t<\/div>\n\t\t\t\t<\/div>\n\t\t\t\t<div class=\"elementor-element elementor-element-2db82827 elementor-widget elementor-widget-text-editor\" data-id=\"2db82827\" data-element_type=\"widget\" data-e-type=\"widget\" data-widget_type=\"text-editor.default\">\n\t\t\t\t<div class=\"elementor-widget-container\">\n\t\t\t\t\t\t\t\t\t<p>Puedo acompa\u00f1arlos a poner luz a trav\u00e9s de\u00a0<strong>terapia de pareja<\/strong>.<\/p>\t\t\t\t\t\t\t\t<\/div>\n\t\t\t\t<\/div>\n\t\t\t\t<div class=\"elementor-element elementor-element-4e420623 elementor-align-center animated-slow elementor-invisible elementor-widget elementor-widget-button\" data-id=\"4e420623\" data-element_type=\"widget\" data-e-type=\"widget\" data-settings=\"{&quot;_animation&quot;:&quot;fadeIn&quot;}\" data-widget_type=\"button.default\">\n\t\t\t\t<div class=\"elementor-widget-container\">\n\t\t\t\t\t\t\t\t\t<div class=\"elementor-button-wrapper\">\n\t\t\t\t\t<a class=\"elementor-button elementor-button-link elementor-size-sm\" href=\"https:\/\/marianamachuca.com\/it\/contacto\/\">\n\t\t\t\t\t\t<span class=\"elementor-button-content-wrapper\">\n\t\t\t\t\t\t\t\t\t<span class=\"elementor-button-text\">Inviami la tua domanda<\/span>\n\t\t\t\t\t<\/span>\n\t\t\t\t\t<\/a>\n\t\t\t\t<\/div>\n\t\t\t\t\t\t\t\t<\/div>\n\t\t\t\t<\/div>\n\t\t\t\t<div class=\"elementor-element elementor-element-16ec890f elementor-widget elementor-widget-spacer\" data-id=\"16ec890f\" data-element_type=\"widget\" data-e-type=\"widget\" data-widget_type=\"spacer.default\">\n\t\t\t\t<div class=\"elementor-widget-container\">\n\t\t\t\t\t\t\t<div class=\"elementor-spacer\">\n\t\t\t<div class=\"elementor-spacer-inner\"><\/div>\n\t\t<\/div>\n\t\t\t\t\t\t<\/div>\n\t\t\t\t<\/div>\n\t\t\t\t\t<\/div>\n\t\t<\/div>\n\t\t\t\t<div class=\"elementor-column elementor-col-50 elementor-top-column elementor-element elementor-element-45f615b0 elementor-invisible\" data-id=\"45f615b0\" data-element_type=\"column\" data-e-type=\"column\" data-settings=\"{&quot;background_background&quot;:&quot;classic&quot;,&quot;animation&quot;:&quot;fadeIn&quot;}\">\n\t\t\t<div class=\"elementor-widget-wrap elementor-element-populated\">\n\t\t\t\t\t\t\t<\/div>\n\t\t<\/div>\n\t\t\t\t\t<\/div>\n\t\t<\/section>\n\t\t\t\t<section class=\"elementor-section elementor-top-section elementor-element elementor-element-33cfefa2 elementor-section-full_width elementor-section-content-middle elementor-section-height-default elementor-section-height-default\" data-id=\"33cfefa2\" data-element_type=\"section\" data-e-type=\"section\" data-settings=\"{&quot;background_background&quot;:&quot;classic&quot;}\">\n\t\t\t\t\t\t\t<div class=\"elementor-background-overlay\"><\/div>\n\t\t\t\t\t\t\t<div class=\"elementor-container elementor-column-gap-default\">\n\t\t\t\t\t<div class=\"elementor-column elementor-col-100 elementor-top-column elementor-element elementor-element-2a77c161 elementor-invisible\" data-id=\"2a77c161\" data-element_type=\"column\" data-e-type=\"column\" data-settings=\"{&quot;animation&quot;:&quot;fadeIn&quot;}\">\n\t\t\t<div class=\"elementor-widget-wrap elementor-element-populated\">\n\t\t\t\t\t\t<div class=\"elementor-element elementor-element-4ef0f8d0 elementor-widget elementor-widget-heading\" data-id=\"4ef0f8d0\" data-element_type=\"widget\" data-e-type=\"widget\" data-widget_type=\"heading.default\">\n\t\t\t\t<div class=\"elementor-widget-container\">\n\t\t\t\t\t<h3 class=\"elementor-heading-title elementor-size-default\">Perch\u00e9 richiedere una consulenza di coppia?<\/h3>\t\t\t\t<\/div>\n\t\t\t\t<\/div>\n\t\t\t\t<div class=\"elementor-element elementor-element-361a45b9 animated-slow elementor-invisible elementor-widget elementor-widget-text-editor\" data-id=\"361a45b9\" data-element_type=\"widget\" data-e-type=\"widget\" data-settings=\"{&quot;_animation&quot;:&quot;fadeIn&quot;}\" data-widget_type=\"text-editor.default\">\n\t\t\t\t<div class=\"elementor-widget-container\">\n\t\t\t\t\t\t\t\t\t<p><\/p><p><\/p><p>Il rafforzamento del percorso di coppia attraverso la terapia prevede il miglioramento della comunicazione, la risoluzione costruttiva dei conflitti, l&#8217;aumento del legame emotivo, l&#8217;identificazione e il cambiamento degli schemi disfunzionali, la definizione di obiettivi comuni, la promozione dell&#8217;empatia, l&#8217;aumento dell&#8217;intimit\u00e0 e il sostegno reciproco nei momenti difficili.<\/p><ul><li>Migliorare la comunicazione: praticare l&#8217;ascolto attivo e l&#8217;espressione chiara dei sentimenti.<\/li><li>Risolvere i conflitti in modo costruttivo: Imparare le tecniche di risoluzione dei conflitti ed evitare l&#8217;inasprimento delle discussioni.<\/li><li>Rafforzare il legame emotivo: trascorrere del tempo di qualit\u00e0 insieme ed esprimere affetto regolarmente.<\/li><li>Identificare e modificare gli schemi disfunzionali: riconoscere e modificare i comportamenti dannosi influenzati dalle dinamiche familiari.<\/li><li>Stabilire obiettivi e valori comuni: definire obiettivi condivisi e allineare i valori fondamentali.<\/li><li>Promuovere l&#8217;empatia e la comprensione: praticare l&#8217;empatia e la convalida emotiva.<\/li><li>Migliorare l&#8217;intimit\u00e0 fisica ed emotiva: migliorare l&#8217;intimit\u00e0 fisica ed emotiva condividendo pensieri e sentimenti profondi.<\/li><li>Sostegno nei momenti difficili: offrire sostegno reciproco e sviluppare strategie per gestire lo stress insieme. \u00a0<\/li><li>Queste risorse possono portare a una relazione pi\u00f9 forte, soddisfacente e duratura.<\/li><\/ul><p><\/p>\t\t\t\t\t\t\t\t<\/div>\n\t\t\t\t<\/div>\n\t\t\t\t<div class=\"elementor-element elementor-element-55a205a0 elementor-widget elementor-widget-spacer\" data-id=\"55a205a0\" data-element_type=\"widget\" data-e-type=\"widget\" data-widget_type=\"spacer.default\">\n\t\t\t\t<div class=\"elementor-widget-container\">\n\t\t\t\t\t\t\t<div class=\"elementor-spacer\">\n\t\t\t<div class=\"elementor-spacer-inner\"><\/div>\n\t\t<\/div>\n\t\t\t\t\t\t<\/div>\n\t\t\t\t<\/div>\n\t\t\t\t\t<\/div>\n\t\t<\/div>\n\t\t\t\t\t<\/div>\n\t\t<\/section>\n\t\t\t\t<section class=\"elementor-section elementor-top-section elementor-element elementor-element-7beee639 elementor-section-height-min-height elementor-section-full_width elementor-section-items-bottom elementor-section-height-default\" data-id=\"7beee639\" data-element_type=\"section\" data-e-type=\"section\" data-settings=\"{&quot;background_background&quot;:&quot;classic&quot;}\">\n\t\t\t\t\t\t\t<div class=\"elementor-background-overlay\"><\/div>\n\t\t\t\t\t\t\t<div class=\"elementor-container elementor-column-gap-default\">\n\t\t\t\t\t<div class=\"elementor-column elementor-col-100 elementor-top-column elementor-element elementor-element-399e36a0\" data-id=\"399e36a0\" data-element_type=\"column\" data-e-type=\"column\">\n\t\t\t<div class=\"elementor-widget-wrap elementor-element-populated\">\n\t\t\t\t\t\t<div class=\"elementor-element elementor-element-6bc12976 elementor-widget elementor-widget-heading\" data-id=\"6bc12976\" data-element_type=\"widget\" data-e-type=\"widget\" data-widget_type=\"heading.default\">\n\t\t\t\t<div class=\"elementor-widget-container\">\n\t\t\t\t\t<h3 class=\"elementor-heading-title elementor-size-default\">La strada per una relazione pi\u00f9 forte<\/h3>\t\t\t\t<\/div>\n\t\t\t\t<\/div>\n\t\t\t\t\t<\/div>\n\t\t<\/div>\n\t\t\t\t\t<\/div>\n\t\t<\/section>\n\t\t\t\t<section class=\"elementor-section elementor-top-section elementor-element elementor-element-58c750ca elementor-section-full_width elementor-section-content-middle elementor-section-height-default elementor-section-height-default\" data-id=\"58c750ca\" data-element_type=\"section\" data-e-type=\"section\" data-settings=\"{&quot;background_background&quot;:&quot;classic&quot;}\">\n\t\t\t\t\t\t\t<div class=\"elementor-background-overlay\"><\/div>\n\t\t\t\t\t\t\t<div class=\"elementor-container elementor-column-gap-default\">\n\t\t\t\t\t<div class=\"elementor-column elementor-col-100 elementor-top-column elementor-element elementor-element-32d768eb elementor-invisible\" data-id=\"32d768eb\" data-element_type=\"column\" data-e-type=\"column\" data-settings=\"{&quot;animation&quot;:&quot;fadeIn&quot;}\">\n\t\t\t<div class=\"elementor-widget-wrap elementor-element-populated\">\n\t\t\t\t\t\t<div class=\"elementor-element elementor-element-45e87091 elementor-widget elementor-widget-spacer\" data-id=\"45e87091\" data-element_type=\"widget\" data-e-type=\"widget\" data-widget_type=\"spacer.default\">\n\t\t\t\t<div class=\"elementor-widget-container\">\n\t\t\t\t\t\t\t<div class=\"elementor-spacer\">\n\t\t\t<div class=\"elementor-spacer-inner\"><\/div>\n\t\t<\/div>\n\t\t\t\t\t\t<\/div>\n\t\t\t\t<\/div>\n\t\t\t\t\t<\/div>\n\t\t<\/div>\n\t\t\t\t\t<\/div>\n\t\t<\/section>\n\t\t\t\t<\/div>","protected":false},"excerpt":{"rendered":"<p>Psicoterapia de pareja Terapia de pareja presencial en Barcelona y online La importancia de la terapia de parejas Puedo acompa\u00f1arlos a poner luz a trav\u00e9s de\u00a0terapia de pareja. Env\u00edame tu consulta \u00bfPara qu\u00e9 buscar terapia de pareja? El camino hacia una relaci\u00f3n m\u00e1s fuerte<\/p>","protected":false},"author":4,"featured_media":0,"parent":2467,"menu_order":0,"comment_status":"closed","ping_status":"closed","template":"","meta":{"footnotes":""},"class_list":["post-2463","page","type-page","status-publish","hentry"],"yoast_head":"<!-- This site is optimized with the Yoast SEO plugin v27.0 - https:\/\/yoast.com\/product\/yoast-seo-wordpress\/ -->\n<title>Terapia de parejas Barcelona | Mariana Machuca | Psic\u00f3loga online<\/title>\n<meta name=\"description\" content=\"Los terapeutas de parejas en Barcelona est\u00e1n altamente capacitados y tienen experiencia en abordar una amplia gama de problemas de relaci\u00f3n.\" \/>\n<meta name=\"robots\" content=\"noindex, follow\" \/>\n<meta property=\"og:locale\" content=\"it_IT\" \/>\n<meta property=\"og:type\" content=\"article\" \/>\n<meta property=\"og:title\" content=\"Terapia de parejas Barcelona | Mariana Machuca | Psic\u00f3loga online\" \/>\n<meta property=\"og:description\" content=\"Los terapeutas de parejas en Barcelona est\u00e1n altamente capacitados y tienen experiencia en abordar una amplia gama de problemas de relaci\u00f3n.\" \/>\n<meta property=\"og:url\" content=\"https:\/\/marianamachuca.com\/it\/psicoterapia\/parejas\/\" \/>\n<meta property=\"og:site_name\" content=\"Mariana Machuca\" \/>\n<meta property=\"article:publisher\" content=\"https:\/\/www.facebook.com\/mariana.machuca.5\" \/>\n<meta property=\"article:modified_time\" content=\"2024-06-14T10:58:18+00:00\" \/>\n<meta name=\"twitter:card\" content=\"summary_large_image\" \/>\n<meta name=\"twitter:label1\" content=\"Tempo di lettura stimato\" \/>\n\t<meta name=\"twitter:data1\" content=\"3 minuti\" \/>\n<script type=\"application\/ld+json\" class=\"yoast-schema-graph\">{\"@context\":\"https:\/\/schema.org\",\"@graph\":[{\"@type\":\"WebPage\",\"@id\":\"https:\/\/marianamachuca.com\/psicoterapia\/parejas\/\",\"url\":\"https:\/\/marianamachuca.com\/psicoterapia\/parejas\/\",\"name\":\"Terapia de parejas Barcelona | Mariana Machuca | Psic\u00f3loga online\",\"isPartOf\":{\"@id\":\"https:\/\/marianamachuca.com\/#website\"},\"datePublished\":\"2023-09-25T15:30:11+00:00\",\"dateModified\":\"2024-06-14T10:58:18+00:00\",\"description\":\"Los terapeutas de parejas en Barcelona est\u00e1n altamente capacitados y tienen experiencia en abordar una amplia gama de problemas de relaci\u00f3n.\",\"breadcrumb\":{\"@id\":\"https:\/\/marianamachuca.com\/psicoterapia\/parejas\/#breadcrumb\"},\"inLanguage\":\"it-IT\",\"potentialAction\":[{\"@type\":\"ReadAction\",\"target\":[\"https:\/\/marianamachuca.com\/psicoterapia\/parejas\/\"]}]},{\"@type\":\"BreadcrumbList\",\"@id\":\"https:\/\/marianamachuca.com\/psicoterapia\/parejas\/#breadcrumb\",\"itemListElement\":[{\"@type\":\"ListItem\",\"position\":1,\"name\":\"Portada\",\"item\":\"https:\/\/marianamachuca.com\/\"},{\"@type\":\"ListItem\",\"position\":2,\"name\":\"Psicoterapia\",\"item\":\"https:\/\/marianamachuca.com\/psicoterapia\/\"},{\"@type\":\"ListItem\",\"position\":3,\"name\":\"Terapia de parejas en Barcelona y online\"}]},{\"@type\":\"WebSite\",\"@id\":\"https:\/\/marianamachuca.com\/#website\",\"url\":\"https:\/\/marianamachuca.com\/\",\"name\":\"Mariana Machuca\",\"description\":\"Gestalt \u2013 Constelaciones \u2013 Eneagrama\",\"publisher\":{\"@id\":\"https:\/\/marianamachuca.com\/#organization\"},\"potentialAction\":[{\"@type\":\"SearchAction\",\"target\":{\"@type\":\"EntryPoint\",\"urlTemplate\":\"https:\/\/marianamachuca.com\/?s={search_term_string}\"},\"query-input\":{\"@type\":\"PropertyValueSpecification\",\"valueRequired\":true,\"valueName\":\"search_term_string\"}}],\"inLanguage\":\"it-IT\"},{\"@type\":\"Organization\",\"@id\":\"https:\/\/marianamachuca.com\/#organization\",\"name\":\"MARIANA MACHUCA\",\"url\":\"https:\/\/marianamachuca.com\/\",\"logo\":{\"@type\":\"ImageObject\",\"inLanguage\":\"it-IT\",\"@id\":\"https:\/\/marianamachuca.com\/#\/schema\/logo\/image\/\",\"url\":\"https:\/\/marianamachuca.com\/wp-content\/uploads\/2022\/09\/Mariana-machuca-1.jpg\",\"contentUrl\":\"https:\/\/marianamachuca.com\/wp-content\/uploads\/2022\/09\/Mariana-machuca-1.jpg\",\"width\":940,\"height\":788,\"caption\":\"MARIANA MACHUCA\"},\"image\":{\"@id\":\"https:\/\/marianamachuca.com\/#\/schema\/logo\/image\/\"},\"sameAs\":[\"https:\/\/www.facebook.com\/mariana.machuca.5\",\"https:\/\/www.instagram.com\/mariana_machuca_10\/\",\"https:\/\/www.linkedin.com\/in\/mariana-machuca\/\"]}]}<\/script>\n<!-- \/ Yoast SEO plugin. -->","yoast_head_json":{"title":"Terapia de parejas Barcelona | Mariana Machuca | Psic\u00f3loga online","description":"Los terapeutas de parejas en Barcelona est\u00e1n altamente capacitados y tienen experiencia en abordar una amplia gama de problemas de relaci\u00f3n.","robots":{"index":"noindex","follow":"follow"},"og_locale":"it_IT","og_type":"article","og_title":"Terapia de parejas Barcelona | Mariana Machuca | Psic\u00f3loga online","og_description":"Los terapeutas de parejas en Barcelona est\u00e1n altamente capacitados y tienen experiencia en abordar una amplia gama de problemas de relaci\u00f3n.","og_url":"https:\/\/marianamachuca.com\/it\/psicoterapia\/parejas\/","og_site_name":"Mariana Machuca","article_publisher":"https:\/\/www.facebook.com\/mariana.machuca.5","article_modified_time":"2024-06-14T10:58:18+00:00","twitter_card":"summary_large_image","twitter_misc":{"Tempo di lettura stimato":"3 minuti"},"schema":{"@context":"https:\/\/schema.org","@graph":[{"@type":"WebPage","@id":"https:\/\/marianamachuca.com\/psicoterapia\/parejas\/","url":"https:\/\/marianamachuca.com\/psicoterapia\/parejas\/","name":"Terapia de parejas Barcelona | Mariana Machuca | Psic\u00f3loga online","isPartOf":{"@id":"https:\/\/marianamachuca.com\/#website"},"datePublished":"2023-09-25T15:30:11+00:00","dateModified":"2024-06-14T10:58:18+00:00","description":"Los terapeutas de parejas en Barcelona est\u00e1n altamente capacitados y tienen experiencia en abordar una amplia gama de problemas de relaci\u00f3n.","breadcrumb":{"@id":"https:\/\/marianamachuca.com\/psicoterapia\/parejas\/#breadcrumb"},"inLanguage":"it-IT","potentialAction":[{"@type":"ReadAction","target":["https:\/\/marianamachuca.com\/psicoterapia\/parejas\/"]}]},{"@type":"BreadcrumbList","@id":"https:\/\/marianamachuca.com\/psicoterapia\/parejas\/#breadcrumb","itemListElement":[{"@type":"ListItem","position":1,"name":"Portada","item":"https:\/\/marianamachuca.com\/"},{"@type":"ListItem","position":2,"name":"Psicoterapia","item":"https:\/\/marianamachuca.com\/psicoterapia\/"},{"@type":"ListItem","position":3,"name":"Terapia de parejas en Barcelona y online"}]},{"@type":"WebSite","@id":"https:\/\/marianamachuca.com\/#website","url":"https:\/\/marianamachuca.com\/","name":"Mariana Machuca","description":"Gestalt \u2013 Constelaciones \u2013 Eneagrama","publisher":{"@id":"https:\/\/marianamachuca.com\/#organization"},"potentialAction":[{"@type":"SearchAction","target":{"@type":"EntryPoint","urlTemplate":"https:\/\/marianamachuca.com\/?s={search_term_string}"},"query-input":{"@type":"PropertyValueSpecification","valueRequired":true,"valueName":"search_term_string"}}],"inLanguage":"it-IT"},{"@type":"Organization","@id":"https:\/\/marianamachuca.com\/#organization","name":"MARIANA MACHUCA","url":"https:\/\/marianamachuca.com\/","logo":{"@type":"ImageObject","inLanguage":"it-IT","@id":"https:\/\/marianamachuca.com\/#\/schema\/logo\/image\/","url":"https:\/\/marianamachuca.com\/wp-content\/uploads\/2022\/09\/Mariana-machuca-1.jpg","contentUrl":"https:\/\/marianamachuca.com\/wp-content\/uploads\/2022\/09\/Mariana-machuca-1.jpg","width":940,"height":788,"caption":"MARIANA MACHUCA"},"image":{"@id":"https:\/\/marianamachuca.com\/#\/schema\/logo\/image\/"},"sameAs":["https:\/\/www.facebook.com\/mariana.machuca.5","https:\/\/www.instagram.com\/mariana_machuca_10\/","https:\/\/www.linkedin.com\/in\/mariana-machuca\/"]}]}},"_links":{"self":[{"href":"https:\/\/marianamachuca.com\/it\/wp-json\/wp\/v2\/pages\/2463","targetHints":{"allow":["GET"]}}],"collection":[{"href":"https:\/\/marianamachuca.com\/it\/wp-json\/wp\/v2\/pages"}],"about":[{"href":"https:\/\/marianamachuca.com\/it\/wp-json\/wp\/v2\/types\/page"}],"author":[{"embeddable":true,"href":"https:\/\/marianamachuca.com\/it\/wp-json\/wp\/v2\/users\/4"}],"replies":[{"embeddable":true,"href":"https:\/\/marianamachuca.com\/it\/wp-json\/wp\/v2\/comments?post=2463"}],"version-history":[{"count":55,"href":"https:\/\/marianamachuca.com\/it\/wp-json\/wp\/v2\/pages\/2463\/revisions"}],"predecessor-version":[{"id":2867,"href":"https:\/\/marianamachuca.com\/it\/wp-json\/wp\/v2\/pages\/2463\/revisions\/2867"}],"up":[{"embeddable":true,"href":"https:\/\/marianamachuca.com\/it\/wp-json\/wp\/v2\/pages\/2467"}],"wp:attachment":[{"href":"https:\/\/marianamachuca.com\/it\/wp-json\/wp\/v2\/media?parent=2463"}],"curies":[{"name":"wp","href":"https:\/\/api.w.org\/{rel}","templated":true}]}}